{"id":37,"date":"2020-07-24T13:56:56","date_gmt":"2020-07-24T11:56:56","guid":{"rendered":"https:\/\/wobau-hhm.de\/?page_id=37"},"modified":"2020-07-24T13:56:57","modified_gmt":"2020-07-24T11:56:57","slug":"datenschutz","status":"publish","type":"page","link":"https:\/\/wobau-hhm.de\/?page_id=37","title":{"rendered":"Datenschutz"},"content":{"rendered":"<div class=\"flex_column av_one_full  flex_column_div av-zero-column-padding first  avia-builder-el-0  avia-builder-el-no-sibling  \" style='border-radius:0px; '><section class=\"av_textblock_section \"  itemscope=\"itemscope\" itemtype=\"https:\/\/schema.org\/CreativeWork\" ><div class='avia_textblock  '   itemprop=\"text\" ><h4>1. Informationspflichten gem\u00e4\u00df Art 13 DSGVO zur Datenverarbeitung dieser Website<\/h4>\n<p><strong>Allgemeine Hinweise<\/strong><\/p>\n<p>Die\u00a0 folgenden\u00a0 Hinweise\u00a0 geben\u00a0 einen\u00a0 einfachen\u00a0 \u00dcberblick\u00a0 dar\u00fcber,\u00a0 was\u00a0 mit\u00a0 Ihren personenbezogenen\u00a0 Daten passiert, wenn Sie unsere Website besuchen.\u00a0 Personenbezogene Daten sind alle Daten, mit denen Sie pers\u00f6nlich identifiziert werden k\u00f6nnen. Name und Kontaktdaten des Verantwortlichen Verantwortlich f\u00fcr die Datenverarbeitung ist WOBAU Hohenm\u00f6lsen GmbH Clara-Zetkin-Stra\u00dfe 28 06679 Hohenm\u00f6lsen Die elektronischen Kontaktdaten entnehmen Sie bitte dem Impressum.<\/p>\n<p><strong>Kontaktdaten des Datenschutzbeauftragten<\/strong><\/p>\n<p>Wenn\u00a0\u00a0 Sie\u00a0\u00a0 Fragen\u00a0\u00a0 hinsichtlich\u00a0\u00a0 der\u00a0\u00a0 Verarbeitung\u00a0\u00a0 Ihrer\u00a0\u00a0 Daten\u00a0\u00a0 haben,\u00a0\u00a0 k\u00f6nnen\u00a0\u00a0 Sie\u00a0 sich\u00a0\u00a0 an\u00a0\u00a0 unseren Datenschutzbeauftragten wenden, welcher Ihnen im Falle von Auskunftsersuchen, Anregungen oder Beschwerden gern zur Verf\u00fcgung steht.<br \/>\nDatenschutzbeauftragter der WOBAU Hohenm\u00f6lsen GmbH<br \/>\nRalf M\u00fcller<br \/>\nClara-Zetkin-Stra\u00dfe 28<br \/>\n06679 Hohenm\u00f6lsen<br \/>\ndatenschutz@wobau-hhm.de<\/p>\n<p><strong>Zwecke und Rechtsgrundlage der Datenverarbeitung<\/strong><\/p>\n<p>Wenn\u00a0 Sie\u00a0 diese\u00a0 Website\u00a0 benutzen,\u00a0 werden\u00a0 verschiedene\u00a0 personenbezogene\u00a0 Daten\u00a0 erhoben.\u00a0 Die\u00a0 vorliegende Datenschutzerkl\u00e4rung erl\u00e4utert, welche Daten wir erheben und wof\u00fcr wir sie nutzen. Sie erl\u00e4utert auch, wie und zu welchem Zweck das geschieht. Wir weisen darauf hin, dass die Daten\u00fcbertragung im Internet (z.B. bei der Kommunikation per E-Mail) Sicherheitsl\u00fccken aufweisen kann. Ein l\u00fcckenloser Schutz der Daten vor dem Zugriff durch Dritte ist nicht m\u00f6glich. Ihre Daten werden zum einen dadurch erhoben, dass Sie uns diese mitteilen. Hierbei kann es sich z.B. um Daten handeln, die Sie in ein Kontaktformular eingeben. Andere Daten werden automatisch beim Besuch der Website durch unsere IT-Systeme erfasst. Das sind vor allem technische Daten (z.B. Internetbrowser, Betriebssystem oder Uhrzeit des Seitenaufrufs). Die Erfassung dieser Daten erfolgt automatisch, sobald Sie unsere Website betreten. Ein Teil der Daten wird erhoben, um eine fehlerfreie Bereitstellung der Website zu gew\u00e4hrleisten. Andere Daten k\u00f6nnen zur Analyse Ihres Nutzerverhaltens verwendet werden.<\/p>\n<p><strong>Analyse-Tools und Tools von Drittanbietern<\/strong><\/p>\n<p>Beim Besuch unserer Website kann Ihr Surf-Verhalten statistisch ausgewertet werden. Das geschieht vor allem mit Cookies und mit sogenannten Analyseprogrammen. Die Analyse Ihres Surf-Verhaltens erfolgt in der Regel anonym; das Surf-Verhalten kann nicht zu Ihnen zur\u00fcckverfolgt werden. Sie k\u00f6nnen dieser Analyse widersprechen oder sie durch die Nichtbenutzung bestimmter Tools verhindern. Details hierzu entnehmen Sie unserer Datenschutzerkl\u00e4rung unter der \u00dcberschrift \u201cDrittmodule und Analysetools\u201d.<\/p>\n<p><strong>Verarbeitung auf der Grundlage des berechtigten Interesses<\/strong><\/p>\n<p>Eine Verarbeitung im Rahmen eines berechtigten Interesses gem\u00e4\u00df Artikel 6 Abs. 1 lit f DSGVO erfolgt durch uns zum Zwecke der Gew\u00e4hrleistung der Systemsicherheit des Webangebotes und der Verbesserung des Webangebotes hinsichtlich der Struktur und der Inhalte. Anfragen Dritter zur Wahrung des berechtigten Interesses einer dritten Stelle werden durch die WOBAU Hohenm\u00f6lsen GmbH beantwortet, wenn der Dritte das Vorhandensein eines berechtigten Interesses bekundet und best\u00e4tigt, dass keine schutzw\u00fcrdigen Interessen des Betroffenen dieser \u00dcbermittlung entgegenstehen. Empf\u00e4nger der Daten Die verarbeiteten Daten werden Empf\u00e4ngern ausschlie\u00dflich zweckgebunden nach dem Prinzip der Minimalisierung zur Verf\u00fcgung gestellt: Mitarbeiter der WOBAU Hohenm\u00f6lsen GmbH, die mit der Umsetzung der Bereitstellung der Webseite betraut sind. IT-Dienstleister zum Betrieb und der Pflege und Wartung der Webseite<\/p>\n<p><strong>Verarbeitung der Daten in einem Drittland<\/strong><\/p>\n<p>Die Datenverarbeitung findet ausschlie\u00dflich in den Mitgliedsstaaten der Europ\u00e4ischen Union statt. Eine \u00dcbermittlung in Drittstaaten ist nicht geplant. Siehe dazu auch den Bereich \u201eDrittmodule und Analysetools\u201c. Dauer der Speicherung der Daten Logdaten aus der Webseitennutzung werden auf unserem Server f\u00fcr maximal 90 Tage vorgehalten. Siehe dazu auch den Bereich \u201eDrittmodule und Analysetools\u201c. Rechte des Betroffenen Jeder Betroffene besitzt nicht abdingbare Rechte nach Artikel 15 Recht auf Auskunft zu der Datenverarbeitung Artikel 16 Recht auf Berichtigung der Daten Artikel 17 Recht auf L\u00f6schung (\u201eRecht auf Vergessenwerden\u201c) Artikel 18 Recht auf Einschr\u00e4nkung der Verarbeitung Artikel 20 Recht auf Daten\u00fcbertragbarkeit Artikel 21 Widerspruchsrecht Artikel 77 DSGVO i.V.m. \u00a7 19 BDSG Beschwerderecht bei der zust\u00e4ndigen Aufsichtsbeh\u00f6rde Diese Rechte k\u00f6nnen in der Regel schriftlich, direkt gegen\u00fcber dem Verantwortlichen oder durch Kontaktaufnahme zu dem Datenschutzbeauftragen geltend gemacht werden.<\/p>\n<p><strong>Widerruf einer Einwilligung<\/strong><\/p>\n<p>Eine erteilte Einwilligung zur Verarbeitung von Daten kann jederzeit, mit der Wirkung f\u00fcr die Zukunft, widerrufen werden. Dabei wird die Rechtm\u00e4\u00dfigkeit der Datenverarbeitung, bis zum Eingang des Widerrufes, nicht ber\u00fchrt. Beschwerderecht Jeder Betroffene hat das Recht der Beschwerde, hinsichtlich der Datenverarbeitung, bei dem Datenschutzbeauftragten der WOBAU Hohenm\u00f6lsen GmbH. Der Datenschutzbeauftragte hat, gegen\u00fcber der WOBAU Hohenm\u00f6lsen GmbH, Stillschweigen hinsichtlich der Identit\u00e4t des Beschwerdef\u00fchrers zu wahren. Im Falle datenschutzrechtlicher Verst\u00f6\u00dfe steht dem Betroffenen ein Beschwerderecht bei der zust\u00e4ndigen Aufsichtsbeh\u00f6rde zu. Zust\u00e4ndige Aufsichtsbeh\u00f6rde in datenschutzrechtlichen Fragen ist der Landesdatenschutzbeauftragte des Bundeslandes, in dem unser Unternehmen seinen Sitz hat. Eine Liste der Datenschutzbeauftragten sowie deren Kontaktdaten k\u00f6nnen folgendem Link entnommen werden: https:\/\/www.bfdi.bund.de\/DE\/Infothek\/Anschriften_Links\/anschriften_links-node.html.<\/p>\n<p><strong>Erforderlichkeit der Datenverarbeitung<\/strong><\/p>\n<p>Die Bereitstellung der personenbezogenen Daten ist f\u00fcr ausschlie\u00dflich bei einem Vertragsabschluss, bzw. einer Vertragsanbahnung erforderlich. Werden Daten nicht eindeutig als freiwillig gekennzeichnet und erfolgt die Verarbeitung nicht auf der Basis einer Einwilligung, so kann bei der Verweigerung der Datenverarbeitung die beabsichtigte Leistung durch die WOBAU Hohenm\u00f6lsen GmbH nicht erbracht werden. Alle, als freiwillig gekennzeichnete Daten k\u00f6nnen offengelassen werden, ohne dass davon die Vertragserf\u00fcllung beeintr\u00e4chtigt wird. Eine automatisierte Entscheidungsfindung, inkl. Profiling, besteht nicht. Verarbeitung zu einem anderen Zweck Eine Weiterverarbeitung f\u00fcr einen anderen Zweck, \u00fcber die Vertragserf\u00fcllung hinaus, erfolgt ausschlie\u00dflich zur Erf\u00fcllung gesetzlicher Aufbewahrungs- und Vorhaltepflichten. SSL- bzw. TLS-Verschl\u00fcsselung Diese Seite nutzt aus Sicherheitsgr\u00fcnden und zum Schutz der \u00dcbertragung vertraulicher Inhalte, wie zum Beispiel Bestellungen oder Anfragen, die Sie an uns als Seitenbetreiber senden, eine SSL-bzw. TLS-Verschl\u00fcsselung. Eine verschl\u00fcsselte Verbindung erkennen Sie daran, dass die Adresszeile des Browsers von \u201chttp:\/\/\u201d auf \u201chttps:\/\/\u201d wechselt und an dem Schloss-Symbol in Ihrer Browserzeile. Wenn die SSL- bzw. TLS-Verschl\u00fcsselung aktiviert ist, k\u00f6nnen die Daten, die Sie an uns \u00fcbermitteln, nicht von Dritten mitgelesen werden.<\/p>\n<h4>2. Drittmodule und Analysetools<\/h4>\n<p><strong>Cookies<\/strong><\/p>\n<p>Die Internetseiten verwenden teilweise so genannte Cookies. Cookies richten auf Ihrem Rechner keinen Schaden an und enthalten keine Viren. Cookies dienen dazu, unser Angebot nutzerfreundlicher, effektiver und sicherer zu machen. Cookies sind kleine Textdateien, die auf Ihrem Rechner abgelegt werden und die Ihr Browser speichert. Die meisten der von uns verwendeten Cookies sind so genannte \u201cSession-Cookies\u201d. Sie werden nach Ende Ihres Besuchs automatisch gel\u00f6scht. Andere Cookies bleiben auf Ihrem Endger\u00e4t gespeichert bis Sie diese l\u00f6schen. Diese Cookies erm\u00f6glichen es uns, Ihren Browser beim n\u00e4chsten Besuch wiederzuerkennen. Sie k\u00f6nnen Ihren Browser so einstellen, dass Sie \u00fcber das Setzen von Cookies informiert werden und Cookies nur im\u00a0 Einzelfall\u00a0 erlauben,\u00a0 die\u00a0 Annahme\u00a0 von\u00a0 Cookies\u00a0 f\u00fcr\u00a0 bestimmte\u00a0 F\u00e4lle\u00a0 oder generell\u00a0 ausschlie\u00dfen\u00a0 sowie\u00a0 das automatische L\u00f6schen der Cookies beim Schlie\u00dfen des Browser aktivieren. Bei der Deaktivierung von Cookies kann die Funktionalit\u00e4t dieser Website eingeschr\u00e4nkt sein. Cookies, die zur Durchf\u00fchrung des elektronischen Kommunikationsvorgangs oder zur Bereitstellung bestimmter, von Ihnen erw\u00fcnschter Funktionen (z.B. Warenkorbfunktion) erforderlich sind, werden auf Grundlage von Art. 6 Abs. 1 lit. f DSGVO gespeichert. Der Websitebetreiber hat ein berechtigtes Interesse an der Speicherung von Cookies zur technisch\u00a0 fehlerfreien\u00a0 und\u00a0 optimierten Bereitstellung\u00a0 seiner\u00a0 Dienste.\u00a0 Soweit\u00a0 andere\u00a0 Cookies\u00a0 (z.B.\u00a0 Cookies\u00a0 zur Analyse\u00a0 Ihres Surfverhaltens)\u00a0 gespeichert\u00a0 werden,\u00a0 werden\u00a0 diese\u00a0 in\u00a0 dieser\u00a0 Datenschutzerkl\u00e4rung\u00a0 gesondert behandelt.<\/p>\n<p><strong>Server-Log-Files<\/strong><\/p>\n<p>Der Provider der Seiten erhebt und speichert automatisch Informationen in so genannten Server-Log Files, die Ihr Browser automatisch an uns \u00fcbermittelt. Dies sind:<\/p>\n<ul>\n<li>Browsertyp und Browserversion<\/li>\n<li>verwendetes Betriebssystem<\/li>\n<li>Referrer URL<\/li>\n<li>Hostname des zugreifenden Rechners<\/li>\n<li>Uhrzeit der Serveranfrage<\/li>\n<li>IP-Adresse<\/li>\n<\/ul>\n<p>Eine Zusammenf\u00fchrung dieser Daten mit anderen Datenquellen wird nicht vorgenommen. Grundlage f\u00fcr die Datenverarbeitung ist Art. 6 Abs. 1 lit. f DSGVO, der die Verarbeitung von Daten zur Erf\u00fcllung eines Vertrags oder vorvertraglicher Ma\u00dfnahmen gestattet.<\/p>\n<p><strong>Kontaktformular<\/strong><\/p>\n<p>Wenn Sie uns per Kontaktformular Anfragen zukommen lassen, werden Ihre Angaben aus dem Anfrageformular inklusive\u00a0 der von\u00a0 Ihnen\u00a0 dort\u00a0 angegebenen\u00a0 Kontaktdaten zwecks\u00a0 Bearbeitung\u00a0 der\u00a0 Anfrage und f\u00fcr\u00a0 den\u00a0 Fall von Anschlussfragen bei uns gespeichert. Diese Daten geben wir nicht ohne Ihre Einwilligung weiter. Die Verarbeitung der in das Kontaktformular eingegebenen Daten erfolgt somit ausschlie\u00dflich auf Grundlage Ihrer Einwilligung\u00a0 (Art.\u00a0 6\u00a0 Abs.\u00a0 1\u00a0 lit.\u00a0 a\u00a0 DSGVO).\u00a0 Sie\u00a0 k\u00f6nnen\u00a0 diese\u00a0 Einwilligung\u00a0 jederzeit\u00a0 widerrufen.\u00a0 Dazu\u00a0 reicht\u00a0 eine formlose Mitteilung per\u00a0\u00a0\u00a0 E-Mail\u00a0\u00a0\u00a0 an\u00a0\u00a0\u00a0 uns.\u00a0 \u00a0 Die\u00a0\u00a0\u00a0 Rechtm\u00e4\u00dfigkeit\u00a0\u00a0\u00a0 der\u00a0\u00a0\u00a0 bis\u00a0\u00a0\u00a0 zum\u00a0\u00a0\u00a0 Widerruf\u00a0\u00a0\u00a0 erfolgten Datenverarbeitungsvorg\u00e4nge bleibt vom Widerruf unber\u00fchrt. Die von Ihnen im Kontaktformular eingegebenen Daten verbleiben bei uns, bis Sie uns zur L\u00f6schung auffordern, Ihre Einwilligung\u00a0\u00a0 zur\u00a0\u00a0 Speicherung\u00a0\u00a0 widerrufen\u00a0\u00a0 oder\u00a0\u00a0 der\u00a0\u00a0 Zweck\u00a0\u00a0 f\u00fcr\u00a0\u00a0 die\u00a0 Datenspeicherung\u00a0\u00a0 entf\u00e4llt\u00a0\u00a0 (z.B.\u00a0\u00a0 nach abgeschlossener\u00a0\u00a0\u00a0 Bearbeitung\u00a0\u00a0\u00a0 Ihrer\u00a0\u00a0\u00a0 Anfrage).\u00a0 Zwingende\u00a0\u00a0\u00a0 gesetzliche\u00a0\u00a0\u00a0 Bestimmungen\u00a0\u00a0\u00a0 \u2013\u00a0\u00a0\u00a0 insbesondere Aufbewahrungsfristen \u2013 bleiben unber\u00fchrt. Verarbeiten von Daten (Kunden- und Vertragsdaten) Wir\u00a0 erheben,\u00a0 verarbeiten\u00a0 und\u00a0 nutzen\u00a0 personenbezogene\u00a0 Daten\u00a0 nur,\u00a0 soweit\u00a0 sie\u00a0 f\u00fcr\u00a0 die Begr\u00fcndung,\u00a0 inhaltliche Ausgestaltung oder \u00c4nderung des Rechtsverh\u00e4ltnisses erforderlich sind (Bestandsdaten). Dies erfolgt auf Grundlage von Art. 6 Abs. 1 lit. b DSGVO, der die Verarbeitung von Daten zur Erf\u00fcllung eines Vertrags oder vorvertraglicher Ma\u00dfnahmen\u00a0\u00a0\u00a0 gestattet.<\/p>\n<p><strong>Personenbezogene\u00a0 Daten<\/strong><\/p>\n<p>\u00fcber die Inanspruchnahme unserer Internetseiten (Nutzungsdaten)\u00a0 erheben, verarbeiten\u00a0 und\u00a0 nutzen\u00a0 wir\u00a0 nur,\u00a0 soweit\u00a0 dies\u00a0 erforderlich\u00a0 ist,\u00a0 um\u00a0 dem\u00a0 Nutzer\u00a0 die Inanspruchnahme des Dienstes zu erm\u00f6glichen oder abzurechnen. Die erhobenen Kundendaten werden nach Abschluss des Auftrags oder Beendigung der Gesch\u00e4ftsbeziehung gel\u00f6scht. Gesetzliche Aufbewahrungsfristen bleiben unber\u00fchrt.<\/p>\n<p><strong>Google Maps<\/strong><\/p>\n<p>Diese Seite nutzt \u00fcber eine API den Kartendienst Google Maps. Anbieter ist die Google Inc., 1600 Amphitheatre Parkway, Mountain View, CA 94043, USA. Zur Nutzung der Funktionen von Google Maps ist es notwendig, Ihre IP Adresse zu speichern. Diese Informationen werden in der Regel an einen Server von Google in den USA \u00fcbertragen und dort gespeichert. Der Anbieter dieser Seite hat keinen Einfluss auf diese Daten\u00fcbertragung. Die Nutzung von Google Maps erfolgt im Interesse einer ansprechenden Darstellung unserer Online-Angebote und an einer leichten Auffindbarkeit der von uns auf der Website angegebenen Orte. Dies stellt ein berechtigtes Interesse im Sinne von Art. 6 Abs. 1 lit. f DSGVO dar. Mehr Informationen zum Umgang mit Nutzerdaten finden Sie in der Datenschutzerkl\u00e4rung von Google: https:\/\/www.google.de\/intl\/de\/policies\/privacy\/.<\/p>\n<h4>3. Informationspflichten gem\u00e4\u00df Artikel 13 DSGVO f\u00fcr unsere Kunden<\/h4>\n<p><a href=\"http:\/\/wp-content\/uploads\/Informationspflichten-gemaess-Artikel-13-DSGVO-Mieter.pdf\" target=\"_blank\" rel=\"noopener noreferrer\" data-wplink-url-error=\"true\">Informationspflichten gem\u00e4\u00df Artikel 13 DSGVO Mieter<\/a><\/p>\n<\/div><\/section><\/div>\n","protected":false},"excerpt":{"rendered":"","protected":false},"author":1,"featured_media":0,"parent":0,"menu_order":0,"comment_status":"closed","ping_status":"closed","template":"","meta":[],"_links":{"self":[{"href":"https:\/\/wobau-hhm.de\/index.php?rest_route=\/wp\/v2\/pages\/37"}],"collection":[{"href":"https:\/\/wobau-hhm.de\/index.php?rest_route=\/wp\/v2\/pages"}],"about":[{"href":"https:\/\/wobau-hhm.de\/index.php?rest_route=\/wp\/v2\/types\/page"}],"author":[{"embeddable":true,"href":"https:\/\/wobau-hhm.de\/index.php?rest_route=\/wp\/v2\/users\/1"}],"replies":[{"embeddable":true,"href":"https:\/\/wobau-hhm.de\/index.php?rest_route=%2Fwp%2Fv2%2Fcomments&post=37"}],"version-history":[{"count":3,"href":"https:\/\/wobau-hhm.de\/index.php?rest_route=\/wp\/v2\/pages\/37\/revisions"}],"predecessor-version":[{"id":70,"href":"https:\/\/wobau-hhm.de\/index.php?rest_route=\/wp\/v2\/pages\/37\/revisions\/70"}],"wp:attachment":[{"href":"https:\/\/wobau-hhm.de\/index.php?rest_route=%2Fwp%2Fv2%2Fmedia&parent=37"}],"curies":[{"name":"wp","href":"https:\/\/api.w.org\/{rel}","templated":true}]}}