{"id":424,"date":"2020-08-17T21:10:46","date_gmt":"2020-08-17T19:10:46","guid":{"rendered":"https:\/\/wobau-hhm.de\/?page_id=424"},"modified":"2020-08-19T15:16:23","modified_gmt":"2020-08-19T13:16:23","slug":"havarie","status":"publish","type":"page","link":"https:\/\/wobau-hhm.de\/?page_id=424","title":{"rendered":"Havarie"},"content":{"rendered":"<div id='full_slider_1'  class='avia-fullwidth-slider main_color avia-shadow  av-mini-hide  avia-builder-el-0  el_before_av_one_full  avia-builder-el-first   container_wrap fullsize' style=' '  ><div   data-size='no scaling'  data-lightbox_size='large'  data-animation='fade'  data-conditional_play=''  data-ids='796,787,790,793'  data-video_counter='0'  data-autoplay='true'  data-bg_slider='false'  data-slide_height=''  data-handle='av_slideshow_full'  data-interval='5'  data-class=' image_no_stretch'  data-el_id=''  data-css_id=''  data-scroll_down=''  data-control_layout='av-control-hidden'  data-custom_markup=''  data-perma_caption=''  data-autoplay_stopper=''  data-image_attachment=''  data-min_height='0px'  data-lazy_loading='disabled'  data-src=''  data-position='top left'  data-repeat='no-repeat'  data-attach='scroll'  data-stretch='image_no_stretch'  class='avia-slideshow avia-slideshow-1  av-control-hidden av-default-height-applied avia-slideshow-no scaling av_slideshow_full  image_no_stretch avia-fade-slider '  itemprop=\"image\" itemscope=\"itemscope\" itemtype=\"https:\/\/schema.org\/ImageObject\" ><ul class='avia-slideshow-inner ' style='padding-bottom: 21.354166666667%;' ><li  class=' slide-1 ' ><div data-rel='slideshow-1' class='avia-slide-wrap '   ><img class=\"wp-image-796 avia-img-lazy-loading-not-796\"  src=\"https:\/\/wobau-hhm.de\/wp-content\/uploads\/Slider-Start4-1.jpg\" width=\"1920\" height=\"410\" title='Slider-Start4' alt=''  itemprop=\"thumbnailUrl\" srcset=\"https:\/\/wobau-hhm.de\/wp-content\/uploads\/Slider-Start4-1.jpg 1920w, https:\/\/wobau-hhm.de\/wp-content\/uploads\/Slider-Start4-1-300x64.jpg 300w, https:\/\/wobau-hhm.de\/wp-content\/uploads\/Slider-Start4-1-1030x220.jpg 1030w, https:\/\/wobau-hhm.de\/wp-content\/uploads\/Slider-Start4-1-768x164.jpg 768w, https:\/\/wobau-hhm.de\/wp-content\/uploads\/Slider-Start4-1-1536x328.jpg 1536w, https:\/\/wobau-hhm.de\/wp-content\/uploads\/Slider-Start4-1-1500x320.jpg 1500w, https:\/\/wobau-hhm.de\/wp-content\/uploads\/Slider-Start4-1-705x151.jpg 705w\" sizes=\"(max-width: 1920px) 100vw, 1920px\" \/><\/div><\/li><li  class=' slide-2 ' ><div data-rel='slideshow-1' class='avia-slide-wrap '   ><img class=\"wp-image-787 avia-img-lazy-loading-not-787\"  src=\"https:\/\/wobau-hhm.de\/wp-content\/uploads\/Slider-Start1.jpg\" width=\"1920\" height=\"410\" title='Slider-Start1' alt=''  itemprop=\"thumbnailUrl\" srcset=\"https:\/\/wobau-hhm.de\/wp-content\/uploads\/Slider-Start1.jpg 1920w, https:\/\/wobau-hhm.de\/wp-content\/uploads\/Slider-Start1-300x64.jpg 300w, https:\/\/wobau-hhm.de\/wp-content\/uploads\/Slider-Start1-1030x220.jpg 1030w, https:\/\/wobau-hhm.de\/wp-content\/uploads\/Slider-Start1-768x164.jpg 768w, https:\/\/wobau-hhm.de\/wp-content\/uploads\/Slider-Start1-1536x328.jpg 1536w, https:\/\/wobau-hhm.de\/wp-content\/uploads\/Slider-Start1-1500x320.jpg 1500w, https:\/\/wobau-hhm.de\/wp-content\/uploads\/Slider-Start1-705x151.jpg 705w\" sizes=\"(max-width: 1920px) 100vw, 1920px\" \/><\/div><\/li><li  class=' slide-3 ' ><div data-rel='slideshow-1' class='avia-slide-wrap '   ><img class=\"wp-image-790 avia-img-lazy-loading-not-790\"  src=\"https:\/\/wobau-hhm.de\/wp-content\/uploads\/Slider-Start2-1.jpg\" width=\"1920\" height=\"410\" title='Slider-Start2' alt=''  itemprop=\"thumbnailUrl\" srcset=\"https:\/\/wobau-hhm.de\/wp-content\/uploads\/Slider-Start2-1.jpg 1920w, https:\/\/wobau-hhm.de\/wp-content\/uploads\/Slider-Start2-1-300x64.jpg 300w, https:\/\/wobau-hhm.de\/wp-content\/uploads\/Slider-Start2-1-1030x220.jpg 1030w, https:\/\/wobau-hhm.de\/wp-content\/uploads\/Slider-Start2-1-768x164.jpg 768w, https:\/\/wobau-hhm.de\/wp-content\/uploads\/Slider-Start2-1-1536x328.jpg 1536w, https:\/\/wobau-hhm.de\/wp-content\/uploads\/Slider-Start2-1-1500x320.jpg 1500w, https:\/\/wobau-hhm.de\/wp-content\/uploads\/Slider-Start2-1-705x151.jpg 705w\" sizes=\"(max-width: 1920px) 100vw, 1920px\" \/><\/div><\/li><li  class=' slide-4 ' ><div data-rel='slideshow-1' class='avia-slide-wrap '   ><img class=\"wp-image-793 avia-img-lazy-loading-not-793\"  src=\"https:\/\/wobau-hhm.de\/wp-content\/uploads\/Slider-Start3.jpg\" width=\"1920\" height=\"410\" title='Slider-Start3' alt=''  itemprop=\"thumbnailUrl\" srcset=\"https:\/\/wobau-hhm.de\/wp-content\/uploads\/Slider-Start3.jpg 1920w, https:\/\/wobau-hhm.de\/wp-content\/uploads\/Slider-Start3-300x64.jpg 300w, https:\/\/wobau-hhm.de\/wp-content\/uploads\/Slider-Start3-1030x220.jpg 1030w, https:\/\/wobau-hhm.de\/wp-content\/uploads\/Slider-Start3-768x164.jpg 768w, https:\/\/wobau-hhm.de\/wp-content\/uploads\/Slider-Start3-1536x328.jpg 1536w, https:\/\/wobau-hhm.de\/wp-content\/uploads\/Slider-Start3-1500x320.jpg 1500w, https:\/\/wobau-hhm.de\/wp-content\/uploads\/Slider-Start3-705x151.jpg 705w\" sizes=\"(max-width: 1920px) 100vw, 1920px\" \/><\/div><\/li><\/ul><div class='avia-slideshow-arrows avia-slideshow-controls'><a href='#prev' class='prev-slide' aria-hidden='true' data-av_icon='\ue87c' data-av_iconfont='entypo-fontello'>Zur\u00fcck<\/a><a href='#next' class='next-slide' aria-hidden='true' data-av_icon='\ue87d' data-av_iconfont='entypo-fontello'>Weiter<\/a><\/div><div class='avia-slideshow-dots avia-slideshow-controls'><a href='#1' class='goto-slide active' >1<\/a><a href='#2' class='goto-slide ' >2<\/a><a href='#3' class='goto-slide ' >3<\/a><a href='#4' class='goto-slide ' >4<\/a><\/div><\/div><\/div><div id='after_full_slider_1'  class='main_color av_default_container_wrap container_wrap fullsize' style=' '  ><div class='container' ><div class='template-page content  av-content-full alpha units'><div class='post-entry post-entry-type-page post-entry-424'><div class='entry-content-wrapper clearfix'>\n<div class=\"flex_column av_one_full  flex_column_div av-zero-column-padding first  avia-builder-el-1  el_after_av_slideshow_full  el_before_av_one_full  avia-builder-el-first  \" style='border-radius:0px; '><section class=\"av_textblock_section \"  itemscope=\"itemscope\" itemtype=\"https:\/\/schema.org\/CreativeWork\" ><div class='avia_textblock  '   itemprop=\"text\" ><h1>Havariedienst<\/h1>\n<\/div><\/section><\/div>\n<div class=\"flex_column av_one_full  flex_column_div av-zero-column-padding first  avia-builder-el-3  el_after_av_one_full  el_before_av_one_third  column-top-margin\" style='border-radius:0px; '><section class=\"av_textblock_section \"  itemscope=\"itemscope\" itemtype=\"https:\/\/schema.org\/CreativeWork\" ><div class='avia_textblock  '   itemprop=\"text\" ><h3>Was ist eine Havarie und wie verhalte ich mich bei einem Havariefall?<\/h3>\n<p>Ein Havariefall ist eine pl\u00f6tzlich eintreffende St\u00f6rung, die entweder eine unmittelbare Gefahr f\u00fcr Menschen darstellt oder das Geb\u00e4ude bzw. die Wohnungseinrichtung besch\u00e4digt. Der Bereitschaftsdienst kann beispielsweise in Anspruch genommen werden, wenn folgende St\u00f6rungen eintreffen:<\/p>\n<\/div><\/section><\/div>\n<div class=\"flex_column av_one_third  flex_column_div av-zero-column-padding first  avia-builder-el-5  el_after_av_one_full  el_before_av_one_third  column-top-margin\" style='border-radius:0px; '><article  class=\"iconbox iconbox_top main_color    avia-builder-el-6  avia-builder-el-no-sibling  \"  itemscope=\"itemscope\" itemtype=\"https:\/\/schema.org\/CreativeWork\" ><div class=\"iconbox_content\"><header class=\"entry-content-header\"><div class=\"iconbox_icon heading-color\" aria-hidden='true' data-av_icon='\ue8b4' data-av_iconfont='entypo-fontello'  ><\/div><h3 class='iconbox_content_title  '  itemprop=\"headline\"  >Elektrik<\/h3><\/header><div class='iconbox_content_container  '  itemprop=\"text\"  ><p>&#8211; Hausanschluss defekt &#8211;<\/p>\n<p>&#8211; gesamte Wohnung ohne Spannung &#8211;<\/p>\n<p>&#8211; Abzweigdosen, Lichtschalter, Steckdosen schmoren &#8211;<\/p>\n<\/div><\/div><footer class=\"entry-footer\"><\/footer><\/article><\/div>\n<div class=\"flex_column av_one_third  flex_column_div av-zero-column-padding   avia-builder-el-7  el_after_av_one_third  el_before_av_one_third  column-top-margin\" style='border-radius:0px; '><article  class=\"iconbox iconbox_top main_color    avia-builder-el-8  avia-builder-el-no-sibling  \"  itemscope=\"itemscope\" itemtype=\"https:\/\/schema.org\/CreativeWork\" ><div class=\"iconbox_content\"><header class=\"entry-content-header\"><div class=\"iconbox_icon heading-color\" aria-hidden='true' data-av_icon='\ue8cd' data-av_iconfont='entypo-fontello'  ><\/div><h3 class='iconbox_content_title  '  itemprop=\"headline\"  >Heizung und Wasser<\/h3><\/header><div class='iconbox_content_container  '  itemprop=\"text\"  ><p>&#8211; Rohrbruch &#8211;<\/p>\n<p>&#8211; Rohrsystem der Heizung oder<br \/>\nHeizk\u00f6rper stark undicht &#8211;<\/p>\n<p>&#8211; Ausfall der gesamten W\u00e4rmeanlage<br \/>\n(nicht bei Ausfall einzelner Heizk\u00f6rper) &#8211;<\/p>\n<\/div><\/div><footer class=\"entry-footer\"><\/footer><\/article><\/div>\n<div class=\"flex_column av_one_third  flex_column_div av-zero-column-padding   avia-builder-el-9  el_after_av_one_third  el_before_av_section  avia-builder-el-last  column-top-margin\" style='border-radius:0px; '><article  class=\"iconbox iconbox_top main_color    avia-builder-el-10  avia-builder-el-no-sibling  \"  itemscope=\"itemscope\" itemtype=\"https:\/\/schema.org\/CreativeWork\" ><div class=\"iconbox_content\"><header class=\"entry-content-header\"><div class=\"iconbox_icon heading-color\" aria-hidden='true' data-av_icon='\ue8a3' data-av_iconfont='entypo-fontello'  ><\/div><h3 class='iconbox_content_title  '  itemprop=\"headline\"  >Glassch\u00e4den<\/h3><\/header><div class='iconbox_content_container  '  itemprop=\"text\"  ><p>&#8211; Fensterscheibe zerbrochen &#8211;<\/p>\n<\/div><\/div><footer class=\"entry-footer\"><\/footer><\/article><\/div>\n<\/div><\/div><\/div><!-- close content main div --><\/div><\/div><div id='av_section_1'  class='avia-section main_color avia-section-default avia-no-border-styling  avia-bg-style-scroll  avia-builder-el-11  el_after_av_one_third  avia-builder-el-last   container_wrap fullsize' style='background-color: #c8d8f1;  '  ><div class='container' ><div class='template-page content  av-content-full alpha units'><div class='post-entry post-entry-type-page post-entry-424'><div class='entry-content-wrapper clearfix'>\n<section class=\"av_textblock_section \"  itemscope=\"itemscope\" itemtype=\"https:\/\/schema.org\/CreativeWork\" ><div class='avia_textblock  '   itemprop=\"text\" ><h3>Im Falle einer Havarie,<\/h3>\n<p>die eine sofortige Hilfe oder Reparatur notwendig macht, wenden Sie sich bitte direkt an die Partnerfirmen der WOBAU Hohenm\u00f6lsen GmbH. Die Telefonnummern haben wir f\u00fcr Sie zusammengestellt:<\/p>\n<\/div><\/section>\n<div class=\"flex_column av_one_third  flex_column_div av-zero-column-padding first  avia-builder-el-13  el_after_av_textblock  el_before_av_one_third  column-top-margin\" style='border-radius:0px; '><article  class=\"iconbox iconbox_top main_color    avia-builder-el-14  avia-builder-el-no-sibling  \"  itemscope=\"itemscope\" itemtype=\"https:\/\/schema.org\/CreativeWork\" ><div class=\"iconbox_content\"><header class=\"entry-content-header\"><div class=\"iconbox_icon heading-color\" aria-hidden='true' data-av_icon='\ue854' data-av_iconfont='entypo-fontello'  ><\/div><h3 class='iconbox_content_title  '  itemprop=\"headline\"  >Elektrik<\/h3><\/header><div class='iconbox_content_container  '  itemprop=\"text\"  ><p style=\"text-align: center;\">Elektro Schulze<br \/>\n0151 57159243<\/p>\n<\/div><\/div><footer class=\"entry-footer\"><\/footer><\/article><\/div><div class=\"flex_column av_one_third  flex_column_div av-zero-column-padding   avia-builder-el-15  el_after_av_one_third  el_before_av_one_third  column-top-margin\" style='border-radius:0px; '><article  class=\"iconbox iconbox_top main_color    avia-builder-el-16  avia-builder-el-no-sibling  \"  itemscope=\"itemscope\" itemtype=\"https:\/\/schema.org\/CreativeWork\" ><div class=\"iconbox_content\"><header class=\"entry-content-header\"><div class=\"iconbox_icon heading-color\" aria-hidden='true' data-av_icon='\ue854' data-av_iconfont='entypo-fontello'  ><\/div><h3 class='iconbox_content_title  '  itemprop=\"headline\"  >Heizung und Wasser<\/h3><\/header><div class='iconbox_content_container  '  itemprop=\"text\"  ><p>Udo Junghans Sanit\u00e4r- und Heizung<br \/>\n034441 21125<\/p>\n<\/div><\/div><footer class=\"entry-footer\"><\/footer><\/article><\/div><div class=\"flex_column av_one_third  flex_column_div av-zero-column-padding   avia-builder-el-17  el_after_av_one_third  avia-builder-el-last  column-top-margin\" style='border-radius:0px; '><article  class=\"iconbox iconbox_top main_color    avia-builder-el-18  avia-builder-el-no-sibling  \"  itemscope=\"itemscope\" itemtype=\"https:\/\/schema.org\/CreativeWork\" ><div class=\"iconbox_content\"><header class=\"entry-content-header\"><div class=\"iconbox_icon heading-color\" aria-hidden='true' data-av_icon='\ue854' data-av_iconfont='entypo-fontello'  ><\/div><h3 class='iconbox_content_title  '  itemprop=\"headline\"  >Glassch\u00e4den<\/h3><\/header><div class='iconbox_content_container  '  itemprop=\"text\"  ><p>Fa. Gudrun Weber<br \/>\n0160 7640379<\/p>\n<\/div><\/div><footer class=\"entry-footer\"><\/footer><\/article><\/div>\n\n","protected":false},"excerpt":{"rendered":"","protected":false},"author":1,"featured_media":0,"parent":0,"menu_order":0,"comment_status":"closed","ping_status":"closed","template":"","meta":[],"_links":{"self":[{"href":"https:\/\/wobau-hhm.de\/index.php?rest_route=\/wp\/v2\/pages\/424"}],"collection":[{"href":"https:\/\/wobau-hhm.de\/index.php?rest_route=\/wp\/v2\/pages"}],"about":[{"href":"https:\/\/wobau-hhm.de\/index.php?rest_route=\/wp\/v2\/types\/page"}],"author":[{"embeddable":true,"href":"https:\/\/wobau-hhm.de\/index.php?rest_route=\/wp\/v2\/users\/1"}],"replies":[{"embeddable":true,"href":"https:\/\/wobau-hhm.de\/index.php?rest_route=%2Fwp%2Fv2%2Fcomments&post=424"}],"version-history":[{"count":14,"href":"https:\/\/wobau-hhm.de\/index.php?rest_route=\/wp\/v2\/pages\/424\/revisions"}],"predecessor-version":[{"id":937,"href":"https:\/\/wobau-hhm.de\/index.php?rest_route=\/wp\/v2\/pages\/424\/revisions\/937"}],"wp:attachment":[{"href":"https:\/\/wobau-hhm.de\/index.php?rest_route=%2Fwp%2Fv2%2Fmedia&parent=424"}],"curies":[{"name":"wp","href":"https:\/\/api.w.org\/{rel}","templated":true}]}}